{"id":54,"date":"2020-04-01T13:40:17","date_gmt":"2020-04-01T16:40:17","guid":{"rendered":"https:\/\/demosites.io\/pet-shop\/?page_id=10"},"modified":"2021-08-04T21:36:48","modified_gmt":"2021-08-05T00:36:48","slug":"a801d-pet-shop-about","status":"publish","type":"page","link":"https:\/\/www.latinproof.com.ar\/?page_id=54","title":{"rendered":"About"},"content":{"rendered":"\t\t<div data-elementor-type=\"wp-page\" data-elementor-id=\"54\" class=\"elementor elementor-54\" data-elementor-settings=\"[]\">\n\t\t\t\t\t\t\t<div class=\"elementor-section-wrap\">\n\t\t\t\t\t\t\t<section class=\"elementor-section elementor-top-section elementor-element elementor-element-fc7465d elementor-section-boxed elementor-section-height-default elementor-section-height-default\" data-id=\"fc7465d\" data-element_type=\"section\" data-settings=\"{&quot;background_background&quot;:&quot;gradient&quot;}\">\n\t\t\t\t\t\t\t<div class=\"elementor-background-overlay\"><\/div>\n\t\t\t\t\t\t\t<div class=\"elementor-container elementor-column-gap-default\">\n\t\t\t\t\t<div class=\"elementor-column elementor-col-100 elementor-top-column elementor-element elementor-element-dcfae02\" data-id=\"dcfae02\" data-element_type=\"column\">\n\t\t\t<div class=\"elementor-widget-wrap elementor-element-populated\">\n\t\t\t\t\t\t\t\t<div class=\"elementor-element elementor-element-e4d0258 elementor-widget elementor-widget-heading\" data-id=\"e4d0258\" data-element_type=\"widget\" data-widget_type=\"heading.default\">\n\t\t\t\t<div class=\"elementor-widget-container\">\n\t\t\t<h1 class=\"elementor-heading-title elementor-size-default\">SUBLIMACI\u00d3N<\/h1>\t\t<\/div>\n\t\t\t\t<\/div>\n\t\t\t\t\t<\/div>\n\t\t<\/div>\n\t\t\t\t\t\t\t<\/div>\n\t\t<\/section>\n\t\t\t\t<section class=\"elementor-section elementor-top-section elementor-element elementor-element-2860eed elementor-section-boxed elementor-section-height-default elementor-section-height-default\" data-id=\"2860eed\" data-element_type=\"section\">\n\t\t\t\t\t\t<div class=\"elementor-container elementor-column-gap-default\">\n\t\t\t\t\t<div class=\"elementor-column elementor-col-33 elementor-top-column elementor-element elementor-element-ed26362\" data-id=\"ed26362\" data-element_type=\"column\">\n\t\t\t<div class=\"elementor-widget-wrap elementor-element-populated\">\n\t\t\t\t\t\t\t\t<div class=\"elementor-element elementor-element-3a80c71 elementor-widget elementor-widget-image\" data-id=\"3a80c71\" data-element_type=\"widget\" data-widget_type=\"image.default\">\n\t\t\t\t<div class=\"elementor-widget-container\">\n\t\t\t\t\t\t\t\t\t\t\t\t\t\t\t<img loading=\"lazy\" decoding=\"async\" width=\"300\" height=\"300\" src=\"https:\/\/www.latinproof.com.ar\/wp-content\/uploads\/2021\/06\/SC-f6370-300x300.png\" class=\"attachment-medium size-medium\" alt=\"\" srcset=\"https:\/\/www.latinproof.com.ar\/wp-content\/uploads\/2021\/06\/SC-f6370-300x300.png 300w, https:\/\/www.latinproof.com.ar\/wp-content\/uploads\/2021\/06\/SC-f6370-150x150.png 150w, https:\/\/www.latinproof.com.ar\/wp-content\/uploads\/2021\/06\/SC-f6370-768x768.png 768w, https:\/\/www.latinproof.com.ar\/wp-content\/uploads\/2021\/06\/SC-f6370-600x600.png 600w, https:\/\/www.latinproof.com.ar\/wp-content\/uploads\/2021\/06\/SC-f6370-160x160.png 160w, https:\/\/www.latinproof.com.ar\/wp-content\/uploads\/2021\/06\/SC-f6370.png 800w\" sizes=\"auto, (max-width: 300px) 100vw, 300px\" \/>\t\t\t\t\t\t\t\t\t\t\t\t\t\t\t<\/div>\n\t\t\t\t<\/div>\n\t\t\t\t<div class=\"elementor-element elementor-element-9d01c5f elementor-widget elementor-widget-toggle\" data-id=\"9d01c5f\" data-element_type=\"widget\" data-widget_type=\"toggle.default\">\n\t\t\t\t<div class=\"elementor-widget-container\">\n\t\t\t\t\t<div class=\"elementor-toggle\" role=\"tablist\">\n\t\t\t\t\t\t\t<div class=\"elementor-toggle-item\">\n\t\t\t\t\t<div id=\"elementor-tab-title-1641\" class=\"elementor-tab-title\" data-tab=\"1\" role=\"tab\" aria-controls=\"elementor-tab-content-1641\" aria-expanded=\"false\">\n\t\t\t\t\t\t\t\t\t\t\t\t<span class=\"elementor-toggle-icon elementor-toggle-icon-left\" aria-hidden=\"true\">\n\t\t\t\t\t\t\t\t\t\t\t\t\t\t\t<span class=\"elementor-toggle-icon-closed\"><i class=\"fas fa-caret-right\"><\/i><\/span>\n\t\t\t\t\t\t\t\t<span class=\"elementor-toggle-icon-opened\"><i class=\"elementor-toggle-icon-opened fas fa-caret-up\"><\/i><\/span>\n\t\t\t\t\t\t\t\t\t\t\t\t\t<\/span>\n\t\t\t\t\t\t\t\t\t\t\t\t<a href=\"\" class=\"elementor-toggle-title\">Epson F6370<\/a>\n\t\t\t\t\t<\/div>\n\n\t\t\t\t\t<div id=\"elementor-tab-content-1641\" class=\"elementor-tab-content elementor-clearfix\" data-tab=\"1\" role=\"tabpanel\" aria-labelledby=\"elementor-tab-title-1641\"><p><strong>\u2013 Nombre del modelo:<\/strong> \u00a0SCF6370PE<\/p><p><strong>\u2013 Cantidad de cabezales:<\/strong> 1<\/p><p><strong>\u2013 Cabezal de Impresi\u00f3n:<\/strong>\u00a0PrecisionCore TFP de Alto Rendimiento<\/p><p><strong>\u2013 Velocidad m\u00e1xima de impresi\u00f3n:<\/strong> \u00a0hasta 680 pies cuadrados por hora<\/p><p><strong>\u2013 Ancho de impresi\u00f3n:<\/strong> 1.12 m de impresi\u00f3n.<\/p><p>\u2013 Posee enrrollador frontal.<\/p><p>\u2013 Equipo de sublimaci\u00f3n.<\/p><p>\u2013 RIP: EDGEPRINT<\/p><\/div>\n\t\t\t\t<\/div>\n\t\t\t\t\t\t\t\t<\/div>\n\t\t\t\t<\/div>\n\t\t\t\t<\/div>\n\t\t\t\t\t<\/div>\n\t\t<\/div>\n\t\t\t\t<div class=\"elementor-column elementor-col-33 elementor-top-column elementor-element elementor-element-21df39c\" data-id=\"21df39c\" data-element_type=\"column\">\n\t\t\t<div class=\"elementor-widget-wrap elementor-element-populated\">\n\t\t\t\t\t\t\t\t<div class=\"elementor-element elementor-element-debd161 elementor-widget elementor-widget-image\" data-id=\"debd161\" data-element_type=\"widget\" data-widget_type=\"image.default\">\n\t\t\t\t<div class=\"elementor-widget-container\">\n\t\t\t\t\t\t\t\t\t\t\t\t\t\t\t<img loading=\"lazy\" decoding=\"async\" width=\"300\" height=\"300\" src=\"https:\/\/www.latinproof.com.ar\/wp-content\/uploads\/2021\/07\/Sure-Color-300x300.png\" class=\"attachment-medium size-medium\" alt=\"\" srcset=\"https:\/\/www.latinproof.com.ar\/wp-content\/uploads\/2021\/07\/Sure-Color-300x300.png 300w, https:\/\/www.latinproof.com.ar\/wp-content\/uploads\/2021\/07\/Sure-Color-150x150.png 150w, https:\/\/www.latinproof.com.ar\/wp-content\/uploads\/2021\/07\/Sure-Color-768x768.png 768w, https:\/\/www.latinproof.com.ar\/wp-content\/uploads\/2021\/07\/Sure-Color-600x600.png 600w, https:\/\/www.latinproof.com.ar\/wp-content\/uploads\/2021\/07\/Sure-Color-160x160.png 160w, https:\/\/www.latinproof.com.ar\/wp-content\/uploads\/2021\/07\/Sure-Color.png 800w\" sizes=\"auto, (max-width: 300px) 100vw, 300px\" \/>\t\t\t\t\t\t\t\t\t\t\t\t\t\t\t<\/div>\n\t\t\t\t<\/div>\n\t\t\t\t<div class=\"elementor-element elementor-element-5cbdfc1 elementor-widget elementor-widget-toggle\" data-id=\"5cbdfc1\" data-element_type=\"widget\" data-widget_type=\"toggle.default\">\n\t\t\t\t<div class=\"elementor-widget-container\">\n\t\t\t\t\t<div class=\"elementor-toggle\" role=\"tablist\">\n\t\t\t\t\t\t\t<div class=\"elementor-toggle-item\">\n\t\t\t\t\t<div id=\"elementor-tab-title-9721\" class=\"elementor-tab-title\" data-tab=\"1\" role=\"tab\" aria-controls=\"elementor-tab-content-9721\" aria-expanded=\"false\">\n\t\t\t\t\t\t\t\t\t\t\t\t<span class=\"elementor-toggle-icon elementor-toggle-icon-left\" aria-hidden=\"true\">\n\t\t\t\t\t\t\t\t\t\t\t\t\t\t\t<span class=\"elementor-toggle-icon-closed\"><i class=\"fas fa-caret-right\"><\/i><\/span>\n\t\t\t\t\t\t\t\t<span class=\"elementor-toggle-icon-opened\"><i class=\"elementor-toggle-icon-opened fas fa-caret-up\"><\/i><\/span>\n\t\t\t\t\t\t\t\t\t\t\t\t\t<\/span>\n\t\t\t\t\t\t\t\t\t\t\t\t<a href=\"\" class=\"elementor-toggle-title\">Epson SureColor F170<\/a>\n\t\t\t\t\t<\/div>\n\n\t\t\t\t\t<div id=\"elementor-tab-content-9721\" class=\"elementor-tab-content elementor-clearfix\" data-tab=\"1\" role=\"tabpanel\" aria-labelledby=\"elementor-tab-title-9721\"><p><strong>\u2013 Nombre del modelo:<\/strong> C11CJ80201<\/p><p><strong>\u2013 Cantidad de cabezales:<\/strong> 1<\/p><p><strong>\u2013 PrecisionCore\u00ae<\/strong> ofrece control de gotas\u00a0<\/p><p><strong>\u2013 Velocidad m\u00e1xima de impresi\u00f3n:<\/strong> bandeja de alimentaci\u00f3n autom\u00e1tica de 150 hojas<\/p><p><strong>\u2013 Ancho de impresi\u00f3n:<\/strong> A4 \u2013 LEGAL &#8211; CARTA.<\/p><p>\u2013 <strong>Resoluci\u00f3n M\u00e1xima de Impresi\u00f3n:<\/strong>1.200 ppp x 600 ppp<\/p><p>\u2013 Equipo de sublimaci\u00f3n.<\/p><p>\u2013 <strong>Conectividad flexible : <\/strong>\u00a0USB, Ethernet o conexi\u00f3n inal\u00e1mbrica integrada<\/p><\/div>\n\t\t\t\t<\/div>\n\t\t\t\t\t\t\t\t<\/div>\n\t\t\t\t<\/div>\n\t\t\t\t<\/div>\n\t\t\t\t\t<\/div>\n\t\t<\/div>\n\t\t\t\t<div class=\"elementor-column elementor-col-33 elementor-top-column elementor-element elementor-element-0f57978\" data-id=\"0f57978\" data-element_type=\"column\">\n\t\t\t<div class=\"elementor-widget-wrap elementor-element-populated\">\n\t\t\t\t\t\t\t\t<div class=\"elementor-element elementor-element-b8767ab elementor-widget elementor-widget-image\" data-id=\"b8767ab\" data-element_type=\"widget\" data-widget_type=\"image.default\">\n\t\t\t\t<div class=\"elementor-widget-container\">\n\t\t\t\t\t\t\t\t\t\t\t\t\t\t\t<img loading=\"lazy\" decoding=\"async\" width=\"300\" height=\"300\" src=\"https:\/\/www.latinproof.com.ar\/wp-content\/uploads\/2021\/07\/SC-f9470-300x300.png\" class=\"attachment-medium size-medium\" alt=\"\" srcset=\"https:\/\/www.latinproof.com.ar\/wp-content\/uploads\/2021\/07\/SC-f9470-300x300.png 300w, https:\/\/www.latinproof.com.ar\/wp-content\/uploads\/2021\/07\/SC-f9470-150x150.png 150w, https:\/\/www.latinproof.com.ar\/wp-content\/uploads\/2021\/07\/SC-f9470-768x768.png 768w, https:\/\/www.latinproof.com.ar\/wp-content\/uploads\/2021\/07\/SC-f9470-600x600.png 600w, https:\/\/www.latinproof.com.ar\/wp-content\/uploads\/2021\/07\/SC-f9470-160x160.png 160w, https:\/\/www.latinproof.com.ar\/wp-content\/uploads\/2021\/07\/SC-f9470.png 800w\" sizes=\"auto, (max-width: 300px) 100vw, 300px\" \/>\t\t\t\t\t\t\t\t\t\t\t\t\t\t\t<\/div>\n\t\t\t\t<\/div>\n\t\t\t\t<div class=\"elementor-element elementor-element-1b89cd6 elementor-widget elementor-widget-toggle\" data-id=\"1b89cd6\" data-element_type=\"widget\" data-widget_type=\"toggle.default\">\n\t\t\t\t<div class=\"elementor-widget-container\">\n\t\t\t\t\t<div class=\"elementor-toggle\" role=\"tablist\">\n\t\t\t\t\t\t\t<div class=\"elementor-toggle-item\">\n\t\t\t\t\t<div id=\"elementor-tab-title-2881\" class=\"elementor-tab-title\" data-tab=\"1\" role=\"tab\" aria-controls=\"elementor-tab-content-2881\" aria-expanded=\"false\">\n\t\t\t\t\t\t\t\t\t\t\t\t<span class=\"elementor-toggle-icon elementor-toggle-icon-left\" aria-hidden=\"true\">\n\t\t\t\t\t\t\t\t\t\t\t\t\t\t\t<span class=\"elementor-toggle-icon-closed\"><i class=\"fas fa-caret-right\"><\/i><\/span>\n\t\t\t\t\t\t\t\t<span class=\"elementor-toggle-icon-opened\"><i class=\"elementor-toggle-icon-opened fas fa-caret-up\"><\/i><\/span>\n\t\t\t\t\t\t\t\t\t\t\t\t\t<\/span>\n\t\t\t\t\t\t\t\t\t\t\t\t<a href=\"\" class=\"elementor-toggle-title\">Epson SureColor F9470<\/a>\n\t\t\t\t\t<\/div>\n\n\t\t\t\t\t<div id=\"elementor-tab-content-2881\" class=\"elementor-tab-content elementor-clearfix\" data-tab=\"1\" role=\"tabpanel\" aria-labelledby=\"elementor-tab-title-2881\"><p><strong>\u2013 Nombre del modelo:<\/strong> SCF9470PE<\/p><p><strong>\u2013 Cantidad de cabezales:<\/strong> 2<\/p><p>\u2013 Cabezal de Impresi\u00f3n <strong>PrecisionCore<\/strong> TFP de Alto Rendimiento<\/p><p><strong>\u2013 Velocidad m\u00e1xima de impresi\u00f3n:<\/strong>\u00a0 hasta 108 m<sup>2<\/sup>\/h<br \/>Moda\/carteler\u00eda: hasta 93 m<sup>2<\/sup>\/h<br \/>Ropa deportiva: hasta 52 m<sup>2<\/sup>\/h<\/p><p><strong>\u2013 Ancho de impresi\u00f3n:<\/strong> 163,54 cmde impresi\u00f3n.<\/p><p><strong>&#8211; Resoluci\u00f3n de impresi\u00f3n:<\/strong> 1440 dpi x 720 dpi<\/p><p>\u2013 Posee enrrollador frontal.<\/p><p>\u2013 Equipo de sublimaci\u00f3n.<\/p><p>\u2013 RIP: Epson Edge\u00aePrint RIP desarrollado en base a Adobe\u00ae PostScript\u00ae 3\u2122 Engine.<\/p><\/div>\n\t\t\t\t<\/div>\n\t\t\t\t\t\t\t\t<\/div>\n\t\t\t\t<\/div>\n\t\t\t\t<\/div>\n\t\t\t\t\t<\/div>\n\t\t<\/div>\n\t\t\t\t\t\t\t<\/div>\n\t\t<\/section>\n\t\t\t\t<section class=\"elementor-section elementor-top-section elementor-element elementor-element-ac7a7ca elementor-section-boxed elementor-section-height-default elementor-section-height-default\" data-id=\"ac7a7ca\" data-element_type=\"section\">\n\t\t\t\t\t\t<div class=\"elementor-container elementor-column-gap-default\">\n\t\t\t\t\t<div class=\"elementor-column elementor-col-33 elementor-top-column elementor-element elementor-element-9d4f264\" data-id=\"9d4f264\" data-element_type=\"column\">\n\t\t\t<div class=\"elementor-widget-wrap elementor-element-populated\">\n\t\t\t\t\t\t\t\t<div class=\"elementor-element elementor-element-bd2d7b1 elementor-widget elementor-widget-image\" data-id=\"bd2d7b1\" data-element_type=\"widget\" data-widget_type=\"image.default\">\n\t\t\t\t<div class=\"elementor-widget-container\">\n\t\t\t\t\t\t\t\t\t\t\t\t\t\t\t<img loading=\"lazy\" decoding=\"async\" width=\"300\" height=\"300\" src=\"https:\/\/www.latinproof.com.ar\/wp-content\/uploads\/2021\/07\/f10070-300x300.png\" class=\"attachment-medium size-medium\" alt=\"\" srcset=\"https:\/\/www.latinproof.com.ar\/wp-content\/uploads\/2021\/07\/f10070-300x300.png 300w, https:\/\/www.latinproof.com.ar\/wp-content\/uploads\/2021\/07\/f10070-150x150.png 150w, https:\/\/www.latinproof.com.ar\/wp-content\/uploads\/2021\/07\/f10070-768x768.png 768w, https:\/\/www.latinproof.com.ar\/wp-content\/uploads\/2021\/07\/f10070-600x600.png 600w, https:\/\/www.latinproof.com.ar\/wp-content\/uploads\/2021\/07\/f10070-160x160.png 160w, https:\/\/www.latinproof.com.ar\/wp-content\/uploads\/2021\/07\/f10070.png 800w\" sizes=\"auto, (max-width: 300px) 100vw, 300px\" \/>\t\t\t\t\t\t\t\t\t\t\t\t\t\t\t<\/div>\n\t\t\t\t<\/div>\n\t\t\t\t<div class=\"elementor-element elementor-element-48ba0ad elementor-widget elementor-widget-toggle\" data-id=\"48ba0ad\" data-element_type=\"widget\" data-widget_type=\"toggle.default\">\n\t\t\t\t<div class=\"elementor-widget-container\">\n\t\t\t\t\t<div class=\"elementor-toggle\" role=\"tablist\">\n\t\t\t\t\t\t\t<div class=\"elementor-toggle-item\">\n\t\t\t\t\t<div id=\"elementor-tab-title-7621\" class=\"elementor-tab-title\" data-tab=\"1\" role=\"tab\" aria-controls=\"elementor-tab-content-7621\" aria-expanded=\"false\">\n\t\t\t\t\t\t\t\t\t\t\t\t<span class=\"elementor-toggle-icon elementor-toggle-icon-left\" aria-hidden=\"true\">\n\t\t\t\t\t\t\t\t\t\t\t\t\t\t\t<span class=\"elementor-toggle-icon-closed\"><i class=\"fas fa-caret-right\"><\/i><\/span>\n\t\t\t\t\t\t\t\t<span class=\"elementor-toggle-icon-opened\"><i class=\"elementor-toggle-icon-opened fas fa-caret-up\"><\/i><\/span>\n\t\t\t\t\t\t\t\t\t\t\t\t\t<\/span>\n\t\t\t\t\t\t\t\t\t\t\t\t<a href=\"\" class=\"elementor-toggle-title\">Epson SureColor 10070<\/a>\n\t\t\t\t\t<\/div>\n\n\t\t\t\t\t<div id=\"elementor-tab-content-7621\" class=\"elementor-tab-content elementor-clearfix\" data-tab=\"1\" role=\"tabpanel\" aria-labelledby=\"elementor-tab-title-7621\"><p><strong>\u2013 Nombre del modelo:<\/strong> SCF10070<\/p><p><strong>\u2013 Cantidad de cabezales:<\/strong> 4<\/p><p>\u2013 Cabezal de Impresi\u00f3n <strong>PrecisionCore<\/strong> TFP de Alto Rendimiento<\/p><p><strong>\u2013 Velocidad m\u00e1xima de impresi\u00f3n:<\/strong><\/p><p>Ropa deportiva: hasta 150 m2\/h<sup>1<\/sup><\/p><p>Moda: hasta 255 m2\/h<\/p><p><strong>\u2013 Ancho de impresi\u00f3n:<\/strong> hasta 1.936 mm de impresi\u00f3n.<br \/>&#8211; RESOLUCION DE IMPRESI\u00d3N 1.200 dpi x 1.200 dp<\/p><p>\u2013 Posee\u00a0 secador y enrrollador frontal<\/p><p><strong>&#8211; Configuraci\u00f3n del Cabezal:<\/strong>12.800 boquillas, 1.600 boquillas en 2 l\u00edneas x 4 cabezas<\/p><p>\u2013 RIP: Epson Edge\u00aePrint RIP desarrollado en base a Adobe\u00ae PostScript\u00ae 3\u2122 Engine.<\/p><\/div>\n\t\t\t\t<\/div>\n\t\t\t\t\t\t\t\t<\/div>\n\t\t\t\t<\/div>\n\t\t\t\t<\/div>\n\t\t\t\t\t<\/div>\n\t\t<\/div>\n\t\t\t\t<div class=\"elementor-column elementor-col-33 elementor-top-column elementor-element elementor-element-bdde309\" data-id=\"bdde309\" data-element_type=\"column\">\n\t\t\t<div class=\"elementor-widget-wrap elementor-element-populated\">\n\t\t\t\t\t\t\t\t<div class=\"elementor-element elementor-element-bde2c75 elementor-widget elementor-widget-image\" data-id=\"bde2c75\" data-element_type=\"widget\" data-widget_type=\"image.default\">\n\t\t\t\t<div class=\"elementor-widget-container\">\n\t\t\t\t\t\t\t\t\t\t\t\t\t\t\t<img loading=\"lazy\" decoding=\"async\" width=\"300\" height=\"300\" src=\"https:\/\/www.latinproof.com.ar\/wp-content\/uploads\/2021\/07\/f570-output-300x300.png\" class=\"attachment-medium size-medium\" alt=\"\" srcset=\"https:\/\/www.latinproof.com.ar\/wp-content\/uploads\/2021\/07\/f570-output-300x300.png 300w, https:\/\/www.latinproof.com.ar\/wp-content\/uploads\/2021\/07\/f570-output-150x150.png 150w, https:\/\/www.latinproof.com.ar\/wp-content\/uploads\/2021\/07\/f570-output-768x768.png 768w, https:\/\/www.latinproof.com.ar\/wp-content\/uploads\/2021\/07\/f570-output-600x600.png 600w, https:\/\/www.latinproof.com.ar\/wp-content\/uploads\/2021\/07\/f570-output-160x160.png 160w, https:\/\/www.latinproof.com.ar\/wp-content\/uploads\/2021\/07\/f570-output.png 800w\" sizes=\"auto, (max-width: 300px) 100vw, 300px\" \/>\t\t\t\t\t\t\t\t\t\t\t\t\t\t\t<\/div>\n\t\t\t\t<\/div>\n\t\t\t\t<div class=\"elementor-element elementor-element-b58d8d4 elementor-widget elementor-widget-toggle\" data-id=\"b58d8d4\" data-element_type=\"widget\" data-widget_type=\"toggle.default\">\n\t\t\t\t<div class=\"elementor-widget-container\">\n\t\t\t\t\t<div class=\"elementor-toggle\" role=\"tablist\">\n\t\t\t\t\t\t\t<div class=\"elementor-toggle-item\">\n\t\t\t\t\t<div id=\"elementor-tab-title-1901\" class=\"elementor-tab-title\" data-tab=\"1\" role=\"tab\" aria-controls=\"elementor-tab-content-1901\" aria-expanded=\"false\">\n\t\t\t\t\t\t\t\t\t\t\t\t<span class=\"elementor-toggle-icon elementor-toggle-icon-left\" aria-hidden=\"true\">\n\t\t\t\t\t\t\t\t\t\t\t\t\t\t\t<span class=\"elementor-toggle-icon-closed\"><i class=\"fas fa-caret-right\"><\/i><\/span>\n\t\t\t\t\t\t\t\t<span class=\"elementor-toggle-icon-opened\"><i class=\"elementor-toggle-icon-opened fas fa-caret-up\"><\/i><\/span>\n\t\t\t\t\t\t\t\t\t\t\t\t\t<\/span>\n\t\t\t\t\t\t\t\t\t\t\t\t<a href=\"\" class=\"elementor-toggle-title\">Epson SureColor F570<\/a>\n\t\t\t\t\t<\/div>\n\n\t\t\t\t\t<div id=\"elementor-tab-content-1901\" class=\"elementor-tab-content elementor-clearfix\" data-tab=\"1\" role=\"tabpanel\" aria-labelledby=\"elementor-tab-title-1901\"><p><strong>\u2013 Nombre del modelo:<\/strong> SCF570LA<\/p><p><strong>\u2013 Cantidad de cabezales:<\/strong> 1\u00a0\u00a0<\/p><p>\u2013 PrecisionCore\u00ae ofrece control de gotas\u00a0<\/p><p><strong>\u2013 Velocidad m\u00e1xima<\/strong> de impresi\u00f3n bandeja de alimentaci\u00f3n autom\u00e1tica de 150 hojas<\/p><p>\u2013 Ancho de impresi\u00f3n 210 mm (A4) hasta 620 mm (A3)<\/p><p>\u2013 <strong>Resoluci\u00f3n M\u00e1xima de Impresi\u00f3n:<\/strong> 2400 dpi x 1200 dpi<\/p><p>\u2013 Equipo de sublimaci\u00f3n.<\/p><p>\u2013 <strong>Conectividad flexible : <\/strong>\u00a0USB, Ethernet o conexi\u00f3n inal\u00e1mbrica integrada<\/p><p>\u00a0<\/p><\/div>\n\t\t\t\t<\/div>\n\t\t\t\t\t\t\t\t<\/div>\n\t\t\t\t<\/div>\n\t\t\t\t<\/div>\n\t\t\t\t\t<\/div>\n\t\t<\/div>\n\t\t\t\t<div class=\"elementor-column elementor-col-33 elementor-top-column elementor-element elementor-element-f98dade\" data-id=\"f98dade\" data-element_type=\"column\">\n\t\t\t<div class=\"elementor-widget-wrap\">\n\t\t\t\t\t\t\t\t\t<\/div>\n\t\t<\/div>\n\t\t\t\t\t\t\t<\/div>\n\t\t<\/section>\n\t\t\t\t<section class=\"elementor-section elementor-top-section elementor-element elementor-element-45e4ff8 elementor-section-boxed elementor-section-height-default elementor-section-height-default\" data-id=\"45e4ff8\" data-element_type=\"section\" data-settings=\"{&quot;background_background&quot;:&quot;classic&quot;}\">\n\t\t\t\t\t\t<div class=\"elementor-container elementor-column-gap-default\">\n\t\t\t\t\t<div class=\"elementor-column elementor-col-50 elementor-top-column elementor-element elementor-element-7a85d13\" data-id=\"7a85d13\" data-element_type=\"column\">\n\t\t\t<div class=\"elementor-widget-wrap elementor-element-populated\">\n\t\t\t\t\t\t\t\t<div class=\"elementor-element elementor-element-0ca826c elementor-widget elementor-widget-image\" data-id=\"0ca826c\" data-element_type=\"widget\" data-widget_type=\"image.default\">\n\t\t\t\t<div class=\"elementor-widget-container\">\n\t\t\t\t\t\t\t\t\t\t\t\t\t\t\t<img loading=\"lazy\" decoding=\"async\" width=\"300\" height=\"258\" src=\"https:\/\/www.latinproof.com.ar\/wp-content\/uploads\/2021\/06\/Logo-png-blanco-300x258.png\" class=\"attachment-medium size-medium\" alt=\"\" srcset=\"https:\/\/www.latinproof.com.ar\/wp-content\/uploads\/2021\/06\/Logo-png-blanco-300x258.png 300w, https:\/\/www.latinproof.com.ar\/wp-content\/uploads\/2021\/06\/Logo-png-blanco.png 432w\" sizes=\"auto, (max-width: 300px) 100vw, 300px\" \/>\t\t\t\t\t\t\t\t\t\t\t\t\t\t\t<\/div>\n\t\t\t\t<\/div>\n\t\t\t\t<div class=\"elementor-element elementor-element-f843284 elementor-icon-list--layout-traditional elementor-list-item-link-full_width elementor-widget elementor-widget-icon-list\" data-id=\"f843284\" data-element_type=\"widget\" data-widget_type=\"icon-list.default\">\n\t\t\t\t<div class=\"elementor-widget-container\">\n\t\t\t\t\t<ul class=\"elementor-icon-list-items\">\n\t\t\t\t\t\t\t<li class=\"elementor-icon-list-item\">\n\t\t\t\t\t\t\t\t\t\t\t<span class=\"elementor-icon-list-icon\">\n\t\t\t\t\t\t\t<i aria-hidden=\"true\" class=\"fas fa-phone-alt\"><\/i>\t\t\t\t\t\t<\/span>\n\t\t\t\t\t\t\t\t\t\t<span class=\"elementor-icon-list-text\">(54 11) 4581 7674<\/span>\n\t\t\t\t\t\t\t\t\t<\/li>\n\t\t\t\t\t\t\t\t<li class=\"elementor-icon-list-item\">\n\t\t\t\t\t\t\t\t\t\t\t<span class=\"elementor-icon-list-icon\">\n\t\t\t\t\t\t\t<i aria-hidden=\"true\" class=\"fas fa-phone-alt\"><\/i>\t\t\t\t\t\t<\/span>\n\t\t\t\t\t\t\t\t\t\t<span class=\"elementor-icon-list-text\">(54 11) 4581 7470<\/span>\n\t\t\t\t\t\t\t\t\t<\/li>\n\t\t\t\t\t\t\t\t<li class=\"elementor-icon-list-item\">\n\t\t\t\t\t\t\t\t\t\t\t<span class=\"elementor-icon-list-icon\">\n\t\t\t\t\t\t\t<i aria-hidden=\"true\" class=\"fas fa-map-pin\"><\/i>\t\t\t\t\t\t<\/span>\n\t\t\t\t\t\t\t\t\t\t<span class=\"elementor-icon-list-text\"> Luis Viale 655, C1416 CABA<\/span>\n\t\t\t\t\t\t\t\t\t<\/li>\n\t\t\t\t\t\t<\/ul>\n\t\t\t\t<\/div>\n\t\t\t\t<\/div>\n\t\t\t\t<div class=\"elementor-element elementor-element-a1b5ecc elementor-shape-circle elementor-grid-0 e-grid-align-center elementor-widget elementor-widget-social-icons\" data-id=\"a1b5ecc\" data-element_type=\"widget\" data-widget_type=\"social-icons.default\">\n\t\t\t\t<div class=\"elementor-widget-container\">\n\t\t\t\t\t<div class=\"elementor-social-icons-wrapper elementor-grid\">\n\t\t\t\t\t\t\t<span class=\"elementor-grid-item\">\n\t\t\t\t\t<a class=\"elementor-icon elementor-social-icon elementor-social-icon-facebook elementor-repeater-item-9a438e7\" href=\"https:\/\/www.facebook.com\/latinproof\" target=\"_blank\">\n\t\t\t\t\t\t<span class=\"elementor-screen-only\">Facebook<\/span>\n\t\t\t\t\t\t<i class=\"fab fa-facebook\"><\/i>\t\t\t\t\t<\/a>\n\t\t\t\t<\/span>\n\t\t\t\t\t\t\t<span class=\"elementor-grid-item\">\n\t\t\t\t\t<a class=\"elementor-icon elementor-social-icon elementor-social-icon-instagram elementor-repeater-item-06f1500\" href=\"https:\/\/www.instagram.com\/latinproof\/?hl=en\" target=\"_blank\">\n\t\t\t\t\t\t<span class=\"elementor-screen-only\">Instagram<\/span>\n\t\t\t\t\t\t<i class=\"fab fa-instagram\"><\/i>\t\t\t\t\t<\/a>\n\t\t\t\t<\/span>\n\t\t\t\t\t\t\t<span class=\"elementor-grid-item\">\n\t\t\t\t\t<a class=\"elementor-icon elementor-social-icon elementor-social-icon-whatsapp elementor-repeater-item-fb05758\" href=\"https:\/\/wa.link\/k9iau5\" target=\"_blank\">\n\t\t\t\t\t\t<span class=\"elementor-screen-only\">Whatsapp<\/span>\n\t\t\t\t\t\t<i class=\"fab fa-whatsapp\"><\/i>\t\t\t\t\t<\/a>\n\t\t\t\t<\/span>\n\t\t\t\t\t<\/div>\n\t\t\t\t<\/div>\n\t\t\t\t<\/div>\n\t\t\t\t\t<\/div>\n\t\t<\/div>\n\t\t\t\t<div class=\"elementor-column elementor-col-50 elementor-top-column elementor-element elementor-element-10340e5\" data-id=\"10340e5\" data-element_type=\"column\">\n\t\t\t<div class=\"elementor-widget-wrap elementor-element-populated\">\n\t\t\t\t\t\t\t\t<div class=\"elementor-element elementor-element-be57079 elementor-widget elementor-widget-google_maps\" data-id=\"be57079\" data-element_type=\"widget\" data-widget_type=\"google_maps.default\">\n\t\t\t\t<div class=\"elementor-widget-container\">\n\t\t\t\t\t<div class=\"elementor-custom-embed\">\n\t\t\t<iframe frameborder=\"0\" scrolling=\"no\" marginheight=\"0\" marginwidth=\"0\"\n\t\t\t\t\tsrc=\"https:\/\/maps.google.com\/maps?q=Luis%20Viale%20655%2C%20C1416%20CABA&#038;t=m&#038;z=10&#038;output=embed&#038;iwloc=near\"\n\t\t\t\t\ttitle=\"Luis Viale 655, C1416 CABA\"\n\t\t\t\t\taria-label=\"Luis Viale 655, C1416 CABA\"\n\t\t\t><\/iframe>\n\t\t<\/div>\n\t\t\t\t<\/div>\n\t\t\t\t<\/div>\n\t\t\t\t\t<\/div>\n\t\t<\/div>\n\t\t\t\t\t\t\t<\/div>\n\t\t<\/section>\n\t\t\t\t\t\t<\/div>\n\t\t\t\t\t<\/div>\n\t\t","protected":false},"excerpt":{"rendered":"<p>SUBLIMACI\u00d3N Epson F6370 \u2013 Nombre del modelo: \u00a0SCF6370PE \u2013 Cantidad de cabezales: 1 \u2013 Cabezal de Impresi\u00f3n:\u00a0PrecisionCore TFP de Alto Rendimiento \u2013 Velocidad m\u00e1xima de impresi\u00f3n: \u00a0hasta 680 pies cuadrados por hora \u2013 Ancho de impresi\u00f3n: 1.12 m de impresi\u00f3n. \u2013 Posee enrrollador frontal. \u2013 Equipo de sublimaci\u00f3n. \u2013 RIP: EDGEPRINT Epson SureColor F170 \u2013&hellip;&nbsp;<a href=\"https:\/\/www.latinproof.com.ar\/?page_id=54\" class=\"\" rel=\"bookmark\">Leer m\u00e1s &raquo;<span class=\"screen-reader-text\">About<\/span><\/a><\/p>\n","protected":false},"author":1,"featured_media":0,"parent":0,"menu_order":0,"comment_status":"closed","ping_status":"closed","template":"elementor_header_footer","meta":{"neve_meta_sidebar":"","neve_meta_container":"","neve_meta_enable_content_width":"off","neve_meta_content_width":0,"neve_meta_title_alignment":"","neve_meta_author_avatar":"","neve_post_elements_order":"","neve_meta_disable_header":"","neve_meta_disable_footer":"","neve_meta_disable_title":"","_ti_tpc_template_sync":false,"_ti_tpc_template_id":"v4jabkcahrua4k7nowwo","spay_email":"","footnotes":""},"class_list":["post-54","page","type-page","status-publish","hentry"],"_links":{"self":[{"href":"https:\/\/www.latinproof.com.ar\/index.php?rest_route=\/wp\/v2\/pages\/54","targetHints":{"allow":["GET"]}}],"collection":[{"href":"https:\/\/www.latinproof.com.ar\/index.php?rest_route=\/wp\/v2\/pages"}],"about":[{"href":"https:\/\/www.latinproof.com.ar\/index.php?rest_route=\/wp\/v2\/types\/page"}],"author":[{"embeddable":true,"href":"https:\/\/www.latinproof.com.ar\/index.php?rest_route=\/wp\/v2\/users\/1"}],"replies":[{"embeddable":true,"href":"https:\/\/www.latinproof.com.ar\/index.php?rest_route=%2Fwp%2Fv2%2Fcomments&post=54"}],"version-history":[{"count":43,"href":"https:\/\/www.latinproof.com.ar\/index.php?rest_route=\/wp\/v2\/pages\/54\/revisions"}],"predecessor-version":[{"id":838,"href":"https:\/\/www.latinproof.com.ar\/index.php?rest_route=\/wp\/v2\/pages\/54\/revisions\/838"}],"wp:attachment":[{"href":"https:\/\/www.latinproof.com.ar\/index.php?rest_route=%2Fwp%2Fv2%2Fmedia&parent=54"}],"curies":[{"name":"wp","href":"https:\/\/api.w.org\/{rel}","templated":true}]}}