{"id":113,"date":"2021-06-15T13:19:52","date_gmt":"2021-06-15T16:19:52","guid":{"rendered":"https:\/\/www.latinproof.com.ar\/hestia-front\/"},"modified":"2021-09-21T00:15:24","modified_gmt":"2021-09-21T03:15:24","slug":"hestia-front","status":"publish","type":"page","link":"https:\/\/www.latinproof.com.ar\/?page_id=113","title":{"rendered":"Front Page"},"content":{"rendered":"\t\t<div data-elementor-type=\"wp-page\" data-elementor-id=\"113\" class=\"elementor elementor-113\" data-elementor-settings=\"[]\">\n\t\t\t\t\t\t\t<div class=\"elementor-section-wrap\">\n\t\t\t\t\t\t\t<section class=\"elementor-section elementor-top-section elementor-element elementor-element-a0067c7 elementor-section-boxed elementor-section-height-default elementor-section-height-default\" data-id=\"a0067c7\" data-element_type=\"section\" data-settings=\"{&quot;background_background&quot;:&quot;gradient&quot;}\">\n\t\t\t\t\t\t<div class=\"elementor-container elementor-column-gap-default\">\n\t\t\t\t\t<div class=\"elementor-column elementor-col-100 elementor-top-column elementor-element elementor-element-bcaf29a\" data-id=\"bcaf29a\" data-element_type=\"column\">\n\t\t\t<div class=\"elementor-widget-wrap elementor-element-populated\">\n\t\t\t\t\t\t\t\t<div class=\"elementor-element elementor-element-2183db9 elementor-widget elementor-widget-heading\" data-id=\"2183db9\" data-element_type=\"widget\" data-widget_type=\"heading.default\">\n\t\t\t\t<div class=\"elementor-widget-container\">\n\t\t\t<h2 class=\"elementor-heading-title elementor-size-default\">CARTELER\u00cdA<\/h2>\t\t<\/div>\n\t\t\t\t<\/div>\n\t\t\t\t\t<\/div>\n\t\t<\/div>\n\t\t\t\t\t\t\t<\/div>\n\t\t<\/section>\n\t\t\t\t<section class=\"elementor-section elementor-top-section elementor-element elementor-element-dd95211 elementor-section-boxed elementor-section-height-default elementor-section-height-default\" data-id=\"dd95211\" data-element_type=\"section\">\n\t\t\t\t\t\t<div class=\"elementor-container elementor-column-gap-default\">\n\t\t\t\t\t<div class=\"elementor-column elementor-col-33 elementor-top-column elementor-element elementor-element-875a55d\" data-id=\"875a55d\" data-element_type=\"column\">\n\t\t\t<div class=\"elementor-widget-wrap elementor-element-populated\">\n\t\t\t\t\t\t\t\t<div class=\"elementor-element elementor-element-6ea029c elementor-widget elementor-widget-image\" data-id=\"6ea029c\" data-element_type=\"widget\" data-widget_type=\"image.default\">\n\t\t\t\t<div class=\"elementor-widget-container\">\n\t\t\t\t\t\t\t\t\t\t\t\t\t\t\t<img loading=\"lazy\" decoding=\"async\" width=\"300\" height=\"300\" src=\"https:\/\/www.latinproof.com.ar\/wp-content\/uploads\/2021\/09\/s60600.jpg\" class=\"attachment-medium size-medium\" alt=\"\" srcset=\"https:\/\/www.latinproof.com.ar\/wp-content\/uploads\/2021\/09\/s60600.jpg 300w, https:\/\/www.latinproof.com.ar\/wp-content\/uploads\/2021\/09\/s60600-150x150.jpg 150w\" sizes=\"auto, (max-width: 300px) 100vw, 300px\" \/>\t\t\t\t\t\t\t\t\t\t\t\t\t\t\t<\/div>\n\t\t\t\t<\/div>\n\t\t\t\t<div class=\"elementor-element elementor-element-3db0722 elementor-widget elementor-widget-toggle\" data-id=\"3db0722\" data-element_type=\"widget\" data-widget_type=\"toggle.default\">\n\t\t\t\t<div class=\"elementor-widget-container\">\n\t\t\t\t\t<div class=\"elementor-toggle\" role=\"tablist\">\n\t\t\t\t\t\t\t<div class=\"elementor-toggle-item\">\n\t\t\t\t\t<div id=\"elementor-tab-title-6461\" class=\"elementor-tab-title\" data-tab=\"1\" role=\"tab\" aria-controls=\"elementor-tab-content-6461\" aria-expanded=\"false\">\n\t\t\t\t\t\t\t\t\t\t\t\t<span class=\"elementor-toggle-icon elementor-toggle-icon-left\" aria-hidden=\"true\">\n\t\t\t\t\t\t\t\t\t\t\t\t\t\t\t<span class=\"elementor-toggle-icon-closed\"><i class=\"fas fa-caret-right\"><\/i><\/span>\n\t\t\t\t\t\t\t\t<span class=\"elementor-toggle-icon-opened\"><i class=\"elementor-toggle-icon-opened fas fa-caret-up\"><\/i><\/span>\n\t\t\t\t\t\t\t\t\t\t\t\t\t<\/span>\n\t\t\t\t\t\t\t\t\t\t\t\t<a href=\"\" class=\"elementor-toggle-title\">Epson SC-S40600<\/a>\n\t\t\t\t\t<\/div>\n\n\t\t\t\t\t<div id=\"elementor-tab-content-6461\" class=\"elementor-tab-content elementor-clearfix\" data-tab=\"1\" role=\"tabpanel\" aria-labelledby=\"elementor-tab-title-6461\"><p><strong>Tecnolog\u00eda de Impresi\u00f3n:<\/strong>Avanzado cabezal de impresi\u00f3n PrecisionCore\u00ae TFP\u00ae de 4 canales, con goteo de tinta a demanda y tecnolog\u00eda de recubrimiento repelente a la tinta.<\/p><p><strong>Resoluci\u00f3n M\u00e1xima de Impresi\u00f3n:<\/strong>1440 x 1440 dpi<\/p><p><strong>Velocidad de Impresi\u00f3n: <\/strong>Borrador: Letrero &#8211; 186 mts2\/h (610 ft2\/h) Vinilo &#8211; N\/A<br \/>Producci\u00f3n: Letrero &#8211; 66 mts2\/h (215 ft2\/h) Vinilo &#8211; 53 mts2\/h (175 ft2\/h)<br \/>Calidad: Letrero &#8211; 32 mts2\/h(105 ft2\/h) Vinilo &#8211; 43 mts2\/h (140 ft2\/h)<\/p><p><strong>Tama\u00f1o M\u00ednimo de la Gota de Tinta: <\/strong>4.2 picolitros; la tecnolog\u00eda de gota de tinta variable puede producir hasta tres tama\u00f1os diferentes por l\u00ednea.<\/p><p><strong>Configuraci\u00f3n del Cabezal: <\/strong>Cabezales de color y monocrom\u00e1ticos con 140 boquillas por color-<\/p><\/div>\n\t\t\t\t<\/div>\n\t\t\t\t\t\t\t\t<\/div>\n\t\t\t\t<\/div>\n\t\t\t\t<\/div>\n\t\t\t\t\t<\/div>\n\t\t<\/div>\n\t\t\t\t<div class=\"elementor-column elementor-col-33 elementor-top-column elementor-element elementor-element-4952a05\" data-id=\"4952a05\" data-element_type=\"column\">\n\t\t\t<div class=\"elementor-widget-wrap elementor-element-populated\">\n\t\t\t\t\t\t\t\t<div class=\"elementor-element elementor-element-c8ff6bc elementor-widget elementor-widget-image\" data-id=\"c8ff6bc\" data-element_type=\"widget\" data-widget_type=\"image.default\">\n\t\t\t\t<div class=\"elementor-widget-container\">\n\t\t\t\t\t\t\t\t\t\t\t\t\t\t\t<img loading=\"lazy\" decoding=\"async\" width=\"300\" height=\"300\" src=\"https:\/\/www.latinproof.com.ar\/wp-content\/uploads\/2021\/09\/sc-s40600.jpg\" class=\"attachment-medium size-medium\" alt=\"\" srcset=\"https:\/\/www.latinproof.com.ar\/wp-content\/uploads\/2021\/09\/sc-s40600.jpg 300w, https:\/\/www.latinproof.com.ar\/wp-content\/uploads\/2021\/09\/sc-s40600-150x150.jpg 150w\" sizes=\"auto, (max-width: 300px) 100vw, 300px\" \/>\t\t\t\t\t\t\t\t\t\t\t\t\t\t\t<\/div>\n\t\t\t\t<\/div>\n\t\t\t\t<div class=\"elementor-element elementor-element-2d424f5 elementor-widget elementor-widget-toggle\" data-id=\"2d424f5\" data-element_type=\"widget\" data-widget_type=\"toggle.default\">\n\t\t\t\t<div class=\"elementor-widget-container\">\n\t\t\t\t\t<div class=\"elementor-toggle\" role=\"tablist\">\n\t\t\t\t\t\t\t<div class=\"elementor-toggle-item\">\n\t\t\t\t\t<div id=\"elementor-tab-title-4741\" class=\"elementor-tab-title\" data-tab=\"1\" role=\"tab\" aria-controls=\"elementor-tab-content-4741\" aria-expanded=\"false\">\n\t\t\t\t\t\t\t\t\t\t\t\t<span class=\"elementor-toggle-icon elementor-toggle-icon-left\" aria-hidden=\"true\">\n\t\t\t\t\t\t\t\t\t\t\t\t\t\t\t<span class=\"elementor-toggle-icon-closed\"><i class=\"fas fa-caret-right\"><\/i><\/span>\n\t\t\t\t\t\t\t\t<span class=\"elementor-toggle-icon-opened\"><i class=\"elementor-toggle-icon-opened fas fa-caret-up\"><\/i><\/span>\n\t\t\t\t\t\t\t\t\t\t\t\t\t<\/span>\n\t\t\t\t\t\t\t\t\t\t\t\t<a href=\"\" class=\"elementor-toggle-title\">Epson SC-S60600<\/a>\n\t\t\t\t\t<\/div>\n\n\t\t\t\t\t<div id=\"elementor-tab-content-4741\" class=\"elementor-tab-content elementor-clearfix\" data-tab=\"1\" role=\"tabpanel\" aria-labelledby=\"elementor-tab-title-4741\"><p>Con la \u00faltima generaci\u00f3n de cabezales de impresi\u00f3n Epson PrecisionCore\u00ae TFP, la impresora SC-S60600 genera un resultado excepcional con una nitidez y unos colores impresionantes.<\/p><p><strong>Tecnolog\u00eda de Impresi\u00f3n:<\/strong>Cabezal de impresi\u00f3n PrecisionCore\u2122 TFP.<\/p><p><strong>Tama\u00f1o M\u00ednimo de la Gota de Tinta:<\/strong>4,2 pl, Con tecnolog\u00eda de gotas de tinta de tama\u00f1o variable.<\/p><\/div>\n\t\t\t\t<\/div>\n\t\t\t\t\t\t\t\t<\/div>\n\t\t\t\t<\/div>\n\t\t\t\t<\/div>\n\t\t\t\t\t<\/div>\n\t\t<\/div>\n\t\t\t\t<div class=\"elementor-column elementor-col-33 elementor-top-column elementor-element elementor-element-56a8d14\" data-id=\"56a8d14\" data-element_type=\"column\">\n\t\t\t<div class=\"elementor-widget-wrap\">\n\t\t\t\t\t\t\t\t\t<\/div>\n\t\t<\/div>\n\t\t\t\t\t\t\t<\/div>\n\t\t<\/section>\n\t\t\t\t<section class=\"elementor-section elementor-top-section elementor-element elementor-element-64fb0bd elementor-section-boxed elementor-section-height-default elementor-section-height-default\" data-id=\"64fb0bd\" data-element_type=\"section\" data-settings=\"{&quot;background_background&quot;:&quot;classic&quot;}\">\n\t\t\t\t\t\t<div class=\"elementor-container elementor-column-gap-default\">\n\t\t\t\t\t<div class=\"elementor-column elementor-col-50 elementor-top-column elementor-element elementor-element-77a8853\" data-id=\"77a8853\" data-element_type=\"column\">\n\t\t\t<div class=\"elementor-widget-wrap elementor-element-populated\">\n\t\t\t\t\t\t\t\t<div class=\"elementor-element elementor-element-35cdd96 elementor-widget elementor-widget-image\" data-id=\"35cdd96\" data-element_type=\"widget\" data-widget_type=\"image.default\">\n\t\t\t\t<div class=\"elementor-widget-container\">\n\t\t\t\t\t\t\t\t\t\t\t\t\t\t\t<img loading=\"lazy\" decoding=\"async\" width=\"300\" height=\"258\" src=\"https:\/\/www.latinproof.com.ar\/wp-content\/uploads\/2021\/06\/Logo-png-blanco-300x258.png\" class=\"attachment-medium size-medium\" alt=\"\" srcset=\"https:\/\/www.latinproof.com.ar\/wp-content\/uploads\/2021\/06\/Logo-png-blanco-300x258.png 300w, https:\/\/www.latinproof.com.ar\/wp-content\/uploads\/2021\/06\/Logo-png-blanco.png 432w\" sizes=\"auto, (max-width: 300px) 100vw, 300px\" \/>\t\t\t\t\t\t\t\t\t\t\t\t\t\t\t<\/div>\n\t\t\t\t<\/div>\n\t\t\t\t<div class=\"elementor-element elementor-element-a072fef elementor-shape-circle elementor-grid-0 e-grid-align-center elementor-widget elementor-widget-social-icons\" data-id=\"a072fef\" data-element_type=\"widget\" data-widget_type=\"social-icons.default\">\n\t\t\t\t<div class=\"elementor-widget-container\">\n\t\t\t\t\t<div class=\"elementor-social-icons-wrapper elementor-grid\">\n\t\t\t\t\t\t\t<span class=\"elementor-grid-item\">\n\t\t\t\t\t<a class=\"elementor-icon elementor-social-icon elementor-social-icon-facebook elementor-repeater-item-67536f6\" href=\"https:\/\/www.facebook.com\/latinproof\" target=\"_blank\">\n\t\t\t\t\t\t<span class=\"elementor-screen-only\">Facebook<\/span>\n\t\t\t\t\t\t<i class=\"fab fa-facebook\"><\/i>\t\t\t\t\t<\/a>\n\t\t\t\t<\/span>\n\t\t\t\t\t\t\t<span class=\"elementor-grid-item\">\n\t\t\t\t\t<a class=\"elementor-icon elementor-social-icon elementor-social-icon-instagram elementor-repeater-item-bdefb40\" href=\"https:\/\/www.instagram.com\/latinproof\/?hl=en\" target=\"_blank\">\n\t\t\t\t\t\t<span class=\"elementor-screen-only\">Instagram<\/span>\n\t\t\t\t\t\t<i class=\"fab fa-instagram\"><\/i>\t\t\t\t\t<\/a>\n\t\t\t\t<\/span>\n\t\t\t\t\t\t\t<span class=\"elementor-grid-item\">\n\t\t\t\t\t<a class=\"elementor-icon elementor-social-icon elementor-social-icon-whatsapp elementor-repeater-item-19e5278\" href=\"https:\/\/wa.link\/k9iau5\" target=\"_blank\">\n\t\t\t\t\t\t<span class=\"elementor-screen-only\">Whatsapp<\/span>\n\t\t\t\t\t\t<i class=\"fab fa-whatsapp\"><\/i>\t\t\t\t\t<\/a>\n\t\t\t\t<\/span>\n\t\t\t\t\t<\/div>\n\t\t\t\t<\/div>\n\t\t\t\t<\/div>\n\t\t\t\t\t<\/div>\n\t\t<\/div>\n\t\t\t\t<div class=\"elementor-column elementor-col-50 elementor-top-column elementor-element elementor-element-825d1d2\" data-id=\"825d1d2\" data-element_type=\"column\">\n\t\t\t<div class=\"elementor-widget-wrap elementor-element-populated\">\n\t\t\t\t\t\t\t\t<div class=\"elementor-element elementor-element-69804ec elementor-widget elementor-widget-google_maps\" data-id=\"69804ec\" data-element_type=\"widget\" data-widget_type=\"google_maps.default\">\n\t\t\t\t<div class=\"elementor-widget-container\">\n\t\t\t\t\t<div class=\"elementor-custom-embed\">\n\t\t\t<iframe frameborder=\"0\" scrolling=\"no\" marginheight=\"0\" marginwidth=\"0\"\n\t\t\t\t\tsrc=\"https:\/\/maps.google.com\/maps?q=Luis%20Viale%20655%2C%20C1416%20CABA&#038;t=m&#038;z=10&#038;output=embed&#038;iwloc=near\"\n\t\t\t\t\ttitle=\"Luis Viale 655, C1416 CABA\"\n\t\t\t\t\taria-label=\"Luis Viale 655, C1416 CABA\"\n\t\t\t><\/iframe>\n\t\t<\/div>\n\t\t\t\t<\/div>\n\t\t\t\t<\/div>\n\t\t\t\t\t<\/div>\n\t\t<\/div>\n\t\t\t\t\t\t\t<\/div>\n\t\t<\/section>\n\t\t\t\t\t\t<\/div>\n\t\t\t\t\t<\/div>\n\t\t","protected":false},"excerpt":{"rendered":"<p>CARTELER\u00cdA Epson SC-S40600 Tecnolog\u00eda de Impresi\u00f3n:Avanzado cabezal de impresi\u00f3n PrecisionCore\u00ae TFP\u00ae de 4 canales, con goteo de tinta a demanda y tecnolog\u00eda de recubrimiento repelente a la tinta. Resoluci\u00f3n M\u00e1xima de Impresi\u00f3n:1440 x 1440 dpi Velocidad de Impresi\u00f3n: Borrador: Letrero &#8211; 186 mts2\/h (610 ft2\/h) Vinilo &#8211; N\/AProducci\u00f3n: Letrero &#8211; 66 mts2\/h (215 ft2\/h) Vinilo&hellip;&nbsp;<a href=\"https:\/\/www.latinproof.com.ar\/?page_id=113\" class=\"\" rel=\"bookmark\">Leer m\u00e1s &raquo;<span class=\"screen-reader-text\">Front Page<\/span><\/a><\/p>\n","protected":false},"author":1,"featured_media":0,"parent":0,"menu_order":0,"comment_status":"closed","ping_status":"closed","template":"page-templates\/template-pagebuilder-full-width.php","meta":{"neve_meta_sidebar":"","neve_meta_container":"","neve_meta_enable_content_width":"","neve_meta_content_width":0,"neve_meta_title_alignment":"","neve_meta_author_avatar":"","neve_post_elements_order":"","neve_meta_disable_header":"","neve_meta_disable_footer":"","neve_meta_disable_title":"","_ti_tpc_template_sync":false,"_ti_tpc_template_id":"","spay_email":"","footnotes":""},"class_list":["post-113","page","type-page","status-publish","hentry"],"_links":{"self":[{"href":"https:\/\/www.latinproof.com.ar\/index.php?rest_route=\/wp\/v2\/pages\/113","targetHints":{"allow":["GET"]}}],"collection":[{"href":"https:\/\/www.latinproof.com.ar\/index.php?rest_route=\/wp\/v2\/pages"}],"about":[{"href":"https:\/\/www.latinproof.com.ar\/index.php?rest_route=\/wp\/v2\/types\/page"}],"author":[{"embeddable":true,"href":"https:\/\/www.latinproof.com.ar\/index.php?rest_route=\/wp\/v2\/users\/1"}],"replies":[{"embeddable":true,"href":"https:\/\/www.latinproof.com.ar\/index.php?rest_route=%2Fwp%2Fv2%2Fcomments&post=113"}],"version-history":[{"count":12,"href":"https:\/\/www.latinproof.com.ar\/index.php?rest_route=\/wp\/v2\/pages\/113\/revisions"}],"predecessor-version":[{"id":984,"href":"https:\/\/www.latinproof.com.ar\/index.php?rest_route=\/wp\/v2\/pages\/113\/revisions\/984"}],"wp:attachment":[{"href":"https:\/\/www.latinproof.com.ar\/index.php?rest_route=%2Fwp%2Fv2%2Fmedia&parent=113"}],"curies":[{"name":"wp","href":"https:\/\/api.w.org\/{rel}","templated":true}]}}